{"id":4371,"date":"2024-10-05T15:00:34","date_gmt":"2024-10-05T15:00:34","guid":{"rendered":"https:\/\/prima-qualitas.com\/natural-hair-growth-oil-nurture-your-hair-with-natures-best\/"},"modified":"2024-10-19T17:23:11","modified_gmt":"2024-10-19T17:23:11","slug":"prirodna-ulja-za-kosu","status":"publish","type":"page","link":"https:\/\/prima-qualitas.com\/hr\/prirodna-ulja-za-kosu\/","title":{"rendered":"Prirodna ulja za kosu"},"content":{"rendered":"\t\t<div data-elementor-type=\"wp-page\" data-elementor-id=\"4371\" class=\"elementor elementor-4371 elementor-4360\">\n\t\t\t\t\t\t<section class=\"elementor-section elementor-top-section elementor-element elementor-element-2712ca5 elementor-section-boxed elementor-section-height-default elementor-section-height-default\" data-id=\"2712ca5\" data-element_type=\"section\" data-e-type=\"section\" data-settings=\"{&quot;wdt_bg_image&quot;:{&quot;url&quot;:&quot;&quot;,&quot;id&quot;:&quot;&quot;,&quot;size&quot;:&quot;&quot;},&quot;wdt_bg_image_laptop&quot;:{&quot;url&quot;:&quot;&quot;,&quot;id&quot;:&quot;&quot;,&quot;size&quot;:&quot;&quot;},&quot;wdt_bg_image_tablet_extra&quot;:{&quot;url&quot;:&quot;&quot;,&quot;id&quot;:&quot;&quot;,&quot;size&quot;:&quot;&quot;},&quot;wdt_bg_image_tablet&quot;:{&quot;url&quot;:&quot;&quot;,&quot;id&quot;:&quot;&quot;,&quot;size&quot;:&quot;&quot;},&quot;wdt_bg_image_mobile_extra&quot;:{&quot;url&quot;:&quot;&quot;,&quot;id&quot;:&quot;&quot;,&quot;size&quot;:&quot;&quot;},&quot;wdt_bg_image_mobile&quot;:{&quot;url&quot;:&quot;&quot;,&quot;id&quot;:&quot;&quot;,&quot;size&quot;:&quot;&quot;},&quot;wdt_bg_position&quot;:&quot;center center&quot;,&quot;wdt_animation_effect&quot;:&quot;none&quot;}\">\n\t\t\t\t\t\t<div class=\"elementor-container elementor-column-gap-default\">\n\t\t\t\t\t<div class=\"elementor-column elementor-col-100 elementor-top-column elementor-element elementor-element-297b46c\" data-id=\"297b46c\" data-element_type=\"column\" data-e-type=\"column\">\n\t\t\t<div class=\"elementor-widget-wrap elementor-element-populated\">\n\t\t\t\t\t\t<div class=\"elementor-element elementor-element-cef3167 elementor-widget elementor-widget-wdt-shop-products\" data-id=\"cef3167\" data-element_type=\"widget\" data-e-type=\"widget\" data-settings=\"{&quot;wdt_animation_effect&quot;:&quot;none&quot;}\" data-widget_type=\"wdt-shop-products.default\">\n\t\t\t\t<div class=\"elementor-widget-container\">\n\t\t\t\t\t<div class=\"wdt-products-container woocommerce  \" ><ul class=\"products  product-style-default product-hover-secimage-hingeleft product-icongroup-hover-bounce product-content-hover-slidebottom product-with-space product-padding-content ca-product-temp-default true product-label-boxed thumb true false product-thumb-alignment-bottom product-thumb-iconsgroup-position-vertical vertical-position-top-right product-thumb-iconsgroup-style-skinbgfill-rounded product-thumb-buttonelement-style-skinbgfill-square product-thumb-buttonelement-stretch product-content-alignment-center product-content-iconsgroup-style-simple product-content-buttonelement-style-simple column-3 \"><li class=\"product isotope-grid-sizer\"><div class=\"wdt-col wdt-col-xs-12 wdt-col-sm-6 wdt-col-md-6 wdt-col-qxlg-4 wdt-col-hxlg-4 wdt-col-lg-4\"><\/div><\/li><li class=\"product-grid-view product-with-secondary-image product type-product post-4274 status-publish first instock product_cat-natural-hair-oils-hr product_tag-dryness-hr has-post-thumbnail taxable shipping-taxable purchasable product-type-simple\">\n\t<div class=\"wdt-col wdt-col-xs-12 wdt-col-sm-6 wdt-col-md-6 wdt-col-qxlg-4 wdt-col-hxlg-4 wdt-col-lg-4\"><div class=\"product-wrapper\" style=\"background-color:#fdfef5;\"><div class=\"product-thumb\"><a class=\"image\" href=\"https:\/\/prima-qualitas.com\/hr\/shop\/natural-hair-oils-hr\/hair-angel-ulje-za-rast-kose\/\" title=\"HAIR ANGEL ULJE ZA RAST KOSE\"><div class=\"product-thumb-overlay\" ><\/div><div class=\"product-labels\"><\/div><div class=\"primary-image\"><img src=\"https:\/\/prima-qualitas.com\/wp-content\/uploads\/2024\/09\/B0D77QSP5V.MAIN_-1000x1000.jpg\" alt=\"Shop Primary Image\" title=\"Shop Primary Image\" decoding=\"async\" loading=\"lazy\" \/><\/div><div class=\"secondary-image\"><img src=\"https:\/\/prima-qualitas.com\/wp-content\/uploads\/2024\/09\/B0D77QSP5V.PT01-1000x1000.jpg\" alt=\"Shop Secondary Image\" title=\"Shop Secondary Image\" decoding=\"async\" loading=\"lazy\" \/><\/div><\/a><div class=\"product-thumb-content\" ><div class=\"product-buttons-wrapper product-icons\"><div class=\"wc_inline_buttons\"><\/div><\/div><div class=\"product-buttons-wrapper product-button\"><div class=\"wc_inline_buttons\"><div class=\"wcct_btn_wrapper wc_btn_inline\" data-tooltip=\"Add To Cart\"><a href=\"\/hr\/wp-json\/wp\/v2\/pages\/4371?add-to-cart=4274\" aria-describedby=\"woocommerce_loop_add_to_cart_link_describedby_4274\" data-quantity=\"1\" class=\"wdt-button too-small button product_type_simple add_to_cart_button ajax_add_to_cart\" data-product_id=\"4274\" data-product_sku=\"1000-PQ\" aria-label=\"Dodaj u ko\u0161aricu: &quot;HAIR ANGEL ULJE ZA RAST KOSE&quot;\" rel=\"nofollow\" data-success_message=\"&quot;HAIR ANGEL ULJE ZA RAST KOSE&quot; je dodan u va\u0161u ko\u0161aricu\">Dodaj u ko\u0161aricu<\/a>\t<span id=\"woocommerce_loop_add_to_cart_link_describedby_4274\" class=\"wdt-button too-small screen-reader-text\">\n\t\t\t<\/span>\n<\/div><\/div><\/div><\/div><\/div><div class=\"product-details\"><div class=\"product-title\"><h5><a href=\"https:\/\/prima-qualitas.com\/hr\/shop\/natural-hair-oils-hr\/hair-angel-ulje-za-rast-kose\/\">HAIR ANGEL ULJE ZA RAST KOSE<\/a><\/h5><\/div><div class=\"product-rating-wrapper\"><div class=\"star-rating\" role=\"img\" aria-label=\"Ocjenjeno 5.00 od 5\"><span style=\"width:100%\">Ocjenjeno <strong class=\"rating\">5.00<\/strong> od 5<\/span><\/div><\/div><div class=\"product-price\"><span class=\"pricing_label\">Price<\/span><span class=\"price\"><span class=\"woocommerce-Price-amount amount\"><bdi><span class=\"woocommerce-Price-currencySymbol\">&euro;<\/span>17.99<\/bdi><\/span><\/span><\/div><\/div><\/div><\/div><\/li>\n<li class=\"product-grid-view product-with-secondary-image product type-product post-4271 status-publish instock product_cat-natural-hair-oils-hr product_tag-dryness-hr has-post-thumbnail sale taxable shipping-taxable purchasable product-type-simple\">\n\t<div class=\"wdt-col wdt-col-xs-12 wdt-col-sm-6 wdt-col-md-6 wdt-col-qxlg-4 wdt-col-hxlg-4 wdt-col-lg-4\"><div class=\"product-wrapper\" style=\"background-color:#fdfef5;\"><div class=\"product-thumb\"><a class=\"image\" href=\"https:\/\/prima-qualitas.com\/hr\/shop\/natural-hair-oils-hr\/batana-ulje-maslac\/\" title=\"BATANA ULJE MASLAC\"><div class=\"product-thumb-overlay\" ><\/div><div class=\"product-labels\"><span class=\"onsale\"><span>Sale<\/span><\/span><\/div><div class=\"product-offers\"><span class=\"product-saved-sale\"> - <span>24%<\/span><\/span><\/div><div class=\"primary-image\"><img src=\"https:\/\/prima-qualitas.com\/wp-content\/uploads\/2024\/09\/B0D77QL1TT.MAIN_-1000x1000.jpg\" alt=\"Shop Primary Image\" title=\"Shop Primary Image\" decoding=\"async\" loading=\"lazy\" \/><\/div><div class=\"secondary-image\"><img src=\"https:\/\/prima-qualitas.com\/wp-content\/uploads\/2025\/01\/PrimaQualitas-batana-butter-6-1000x1000.jpg\" alt=\"Shop Secondary Image\" title=\"Shop Secondary Image\" decoding=\"async\" loading=\"lazy\" \/><\/div><\/a><div class=\"product-thumb-content\" ><div class=\"product-buttons-wrapper product-icons\"><div class=\"wc_inline_buttons\"><\/div><\/div><div class=\"product-buttons-wrapper product-button\"><div class=\"wc_inline_buttons\"><div class=\"wcct_btn_wrapper wc_btn_inline\" data-tooltip=\"Add To Cart\"><a href=\"\/hr\/wp-json\/wp\/v2\/pages\/4371?add-to-cart=4271\" aria-describedby=\"woocommerce_loop_add_to_cart_link_describedby_4271\" data-quantity=\"1\" class=\"wdt-button too-small button product_type_simple add_to_cart_button ajax_add_to_cart\" data-product_id=\"4271\" data-product_sku=\"3000-PQ\" aria-label=\"Dodaj u ko\u0161aricu: &quot;BATANA ULJE MASLAC&quot;\" rel=\"nofollow\" data-success_message=\"&quot;BATANA ULJE MASLAC&quot; je dodan u va\u0161u ko\u0161aricu\">Dodaj u ko\u0161aricu<\/a>\t<span id=\"woocommerce_loop_add_to_cart_link_describedby_4271\" class=\"wdt-button too-small screen-reader-text\">\n\t\t\t<\/span>\n<\/div><\/div><\/div><\/div><\/div><div class=\"product-details\"><div class=\"product-title\"><h5><a href=\"https:\/\/prima-qualitas.com\/hr\/shop\/natural-hair-oils-hr\/batana-ulje-maslac\/\">BATANA ULJE MASLAC<\/a><\/h5><\/div><div class=\"product-rating-wrapper\"><div class=\"star-rating\" role=\"img\" aria-label=\"Ocjenjeno 5.00 od 5\"><span style=\"width:100%\">Ocjenjeno <strong class=\"rating\">5.00<\/strong> od 5<\/span><\/div><\/div><div class=\"product-price\"><span class=\"pricing_label\">Price<\/span><span class=\"price\"><del aria-hidden=\"true\"><span class=\"woocommerce-Price-amount amount\"><bdi><span class=\"woocommerce-Price-currencySymbol\">&euro;<\/span>24.99<\/bdi><\/span><\/del> <span class=\"screen-reader-text\">Izvorna cijena bila je: &euro;24.99.<\/span><ins aria-hidden=\"true\"><span class=\"woocommerce-Price-amount amount\"><bdi><span class=\"woocommerce-Price-currencySymbol\">&euro;<\/span>18.99<\/bdi><\/span><\/ins><span class=\"screen-reader-text\">Trenutna cijena je: &euro;18.99.<\/span><\/span><\/div><\/div><\/div><\/div><\/li>\n<li class=\"product-grid-view product-with-secondary-image product type-product post-4277 status-publish last instock product_cat-natural-hair-oils-hr product_tag-dryness-hr has-post-thumbnail taxable shipping-taxable purchasable product-type-simple\">\n\t<div class=\"wdt-col wdt-col-xs-12 wdt-col-sm-6 wdt-col-md-6 wdt-col-qxlg-4 wdt-col-hxlg-4 wdt-col-lg-4\"><div class=\"product-wrapper\" style=\"background-color:#fdfef5;\"><div class=\"product-thumb\"><a class=\"image\" href=\"https:\/\/prima-qualitas.com\/hr\/shop\/natural-hair-oils-hr\/batana-ulje-za-kosu\/\" title=\"BATANA ULJE\"><div class=\"product-thumb-overlay\" ><\/div><div class=\"product-labels\"><\/div><div class=\"primary-image\"><img src=\"https:\/\/prima-qualitas.com\/wp-content\/uploads\/2024\/09\/B0D77QNRQQ.MAIN_-1000x1000.jpg\" alt=\"Shop Primary Image\" title=\"Shop Primary Image\" decoding=\"async\" loading=\"lazy\" \/><\/div><div class=\"secondary-image\"><img src=\"https:\/\/prima-qualitas.com\/wp-content\/uploads\/2025\/01\/PrimaQualitas-batana-Oil-1000x1000.jpg\" alt=\"Shop Secondary Image\" title=\"Shop Secondary Image\" decoding=\"async\" loading=\"lazy\" \/><\/div><\/a><div class=\"product-thumb-content\" ><div class=\"product-buttons-wrapper product-icons\"><div class=\"wc_inline_buttons\"><\/div><\/div><div class=\"product-buttons-wrapper product-button\"><div class=\"wc_inline_buttons\"><div class=\"wcct_btn_wrapper wc_btn_inline\" data-tooltip=\"Add To Cart\"><a href=\"\/hr\/wp-json\/wp\/v2\/pages\/4371?add-to-cart=4277\" aria-describedby=\"woocommerce_loop_add_to_cart_link_describedby_4277\" data-quantity=\"1\" class=\"wdt-button too-small button product_type_simple add_to_cart_button ajax_add_to_cart\" data-product_id=\"4277\" data-product_sku=\"2000-PQ\" aria-label=\"Dodaj u ko\u0161aricu: &quot;BATANA ULJE&quot;\" rel=\"nofollow\" data-success_message=\"&quot;BATANA ULJE&quot; je dodan u va\u0161u ko\u0161aricu\">Dodaj u ko\u0161aricu<\/a>\t<span id=\"woocommerce_loop_add_to_cart_link_describedby_4277\" class=\"wdt-button too-small screen-reader-text\">\n\t\t\t<\/span>\n<\/div><\/div><\/div><\/div><\/div><div class=\"product-details\"><div class=\"product-title\"><h5><a href=\"https:\/\/prima-qualitas.com\/hr\/shop\/natural-hair-oils-hr\/batana-ulje-za-kosu\/\">BATANA ULJE<\/a><\/h5><\/div><div class=\"product-rating-wrapper\"><div class=\"star-rating\" role=\"img\" aria-label=\"Ocjenjeno 5.00 od 5\"><span style=\"width:100%\">Ocjenjeno <strong class=\"rating\">5.00<\/strong> od 5<\/span><\/div><\/div><div class=\"product-price\"><span class=\"pricing_label\">Price<\/span><span class=\"price\"><span class=\"woocommerce-Price-amount amount\"><bdi><span class=\"woocommerce-Price-currencySymbol\">&euro;<\/span>17.99<\/bdi><\/span><\/span><\/div><\/div><\/div><\/div><\/li>\n<\/ul><\/div>\t\t\t\t<\/div>\n\t\t\t\t<\/div>\n\t\t\t\t\t<\/div>\n\t\t<\/div>\n\t\t\t\t\t<\/div>\n\t\t<\/section>\n\t\t\t\t<section class=\"elementor-section elementor-top-section elementor-element elementor-element-07b2dcb elementor-section-content-middle elementor-section-boxed elementor-section-height-default elementor-section-height-default\" data-id=\"07b2dcb\" data-element_type=\"section\" data-e-type=\"section\" data-settings=\"{&quot;wdt_bg_image&quot;:{&quot;url&quot;:&quot;&quot;,&quot;id&quot;:&quot;&quot;,&quot;size&quot;:&quot;&quot;},&quot;wdt_bg_image_laptop&quot;:{&quot;url&quot;:&quot;&quot;,&quot;id&quot;:&quot;&quot;,&quot;size&quot;:&quot;&quot;},&quot;wdt_bg_image_tablet_extra&quot;:{&quot;url&quot;:&quot;&quot;,&quot;id&quot;:&quot;&quot;,&quot;size&quot;:&quot;&quot;},&quot;wdt_bg_image_tablet&quot;:{&quot;url&quot;:&quot;&quot;,&quot;id&quot;:&quot;&quot;,&quot;size&quot;:&quot;&quot;},&quot;wdt_bg_image_mobile_extra&quot;:{&quot;url&quot;:&quot;&quot;,&quot;id&quot;:&quot;&quot;,&quot;size&quot;:&quot;&quot;},&quot;wdt_bg_image_mobile&quot;:{&quot;url&quot;:&quot;&quot;,&quot;id&quot;:&quot;&quot;,&quot;size&quot;:&quot;&quot;},&quot;wdt_bg_position&quot;:&quot;center center&quot;,&quot;wdt_animation_effect&quot;:&quot;none&quot;}\">\n\t\t\t\t\t\t<div class=\"elementor-container elementor-column-gap-no\">\n\t\t\t\t\t<div class=\"elementor-column elementor-col-100 elementor-top-column elementor-element elementor-element-fc9065a\" data-id=\"fc9065a\" data-element_type=\"column\" data-e-type=\"column\">\n\t\t\t<div class=\"elementor-widget-wrap elementor-element-populated\">\n\t\t\t\t\t\t<div class=\"elementor-element elementor-element-dc27c20 elementor-widget elementor-widget-text-editor\" data-id=\"dc27c20\" data-element_type=\"widget\" data-e-type=\"widget\" data-settings=\"{&quot;wdt_animation_effect&quot;:&quot;none&quot;}\" data-widget_type=\"text-editor.default\">\n\t\t\t\t<div class=\"elementor-widget-container\">\n\t\t\t\t\t\t\t\t\t<p><b>Prirodna ulja za kosu \u2013 tajna zdrave i lijepe kose<\/b><\/p><p><span style=\"font-weight: 400;\">Prirodna ulja za kosu klju\u010d su za zdravlje i ljepotu va\u0161e kose, zahvaljuju\u0107i hranljivim sastojcima koji pru\u017eaju hidrataciju, ja\u010dinu i za\u0161titu. Svaka dlaka zaslu\u017euje njegu koja odgovara njenim specifi\u010dnim potrebama, a na\u0161a ulja pa\u017eljivo su osmi\u0161ljena da zadovolje te potrebe. Kombiniranjem mo\u0107nih prirodnih sastojaka poput biotina, kofeina, ulja ruzmarina, ricinusovog ulja i mnogih drugih, na\u0161i proizvodi pru\u017eaju kompletnu njegu za sve tipove kose.<\/span><\/p><p><b>Koje su prednosti kori\u0161tenja prirodnih ulja za kosu?<\/b><\/p><ol><li style=\"font-weight: 400;\" aria-level=\"1\"><b>Podsti\u010du rast kose<\/b><\/li><\/ol><p><span style=\"font-weight: 400;\">Ulja poput ricinusovog ulja i ulja ruzmarina poznata su po svojim svojstvima koja stimuliraju folikule dlake, \u010dime se poti\u010de br\u017ei i zdraviji rast kose. Kofein, prisutan u Hair Angel Oil-u, dodatno poma\u017ee u ja\u010danju folikula i spre\u010dava lomljenje kose.<\/span><\/p><ol><li style=\"font-weight: 400;\" aria-level=\"1\"><b>Hidratacija i meko\u0107a<\/b><\/li><\/ol><p><span style=\"font-weight: 400;\">Prirodna ulja pru\u017eaju dubinsku hidrataciju koja poma\u017ee da se kosa ne isu\u0161uje, ve\u0107 ostaje meka i lako upravljiva. Jojoba ulje i kokosovo ulje, poznati po svojim hidratantnim svojstvima, savr\u0161eni su za one sa suhom ili o\u0161te\u0107enom kosom.<\/span><\/p><ol><li style=\"font-weight: 400;\" aria-level=\"1\"><b>Smanjenje ispucalih vrhova i o\u0161te\u0107enja<\/b><\/li><\/ol><p><span style=\"font-weight: 400;\">Kori\u0161tenjem ulja poput maslinovog ulja i ulja sjemenki gro\u017e\u0111a, kosa postaje otpornija na o\u0161te\u0107enja, ispucale vrhove i lomljenje. Ova ulja zadr\u017eavaju vlagu u dlaci i vra\u0107aju joj prirodni sjaj i elasti\u010dnost.<\/span><\/p><ol><li style=\"font-weight: 400;\" aria-level=\"1\"><b>Zdravlje ko\u017ee glave<\/b><\/li><\/ol><p><span style=\"font-weight: 400;\">Zdrava ko\u017ea glave temelj je zdrave kose. Ulja poput batana ulja i ulja ruzmarina poma\u017eu u smanjenju peruti i balansiranju masno\u0107e ko\u017ee glave, \u010dime se stvara idealno okru\u017eenje za rast kose.<\/span><\/p><ol><li style=\"font-weight: 400;\" aria-level=\"1\"><b>Obnavljanje o\u0161te\u0107ene kose<\/b><\/li><\/ol><p><span style=\"font-weight: 400;\">Batana Oil Butter oboga\u0107en shea maslacem dubinski regenerira o\u0161te\u0107enu kosu, vra\u0107aju\u0107i joj vitalnost i sjaj. Ova kombinacija pru\u017ea kompletan tretman za kosu izlo\u017eenu toplini, farbanju ili bilo kakvim drugim vanjskim o\u0161te\u0107enjima.<\/span><\/p><p><b>Za\u0161to koristiti prirodna ulja za kosu?<\/b><\/p><p><span style=\"font-weight: 400;\">Svaka dlaka ima svoje specifi\u010dne potrebe, od hidratacije do oporavka od o\u0161te\u0107enja. Nijedno pojedina\u010dno ulje ne mo\u017ee pokriti sve aspekte njege kose. Zato su na\u0161a ulja, poput Hair Angel Oil-a, Batana Oil-a i Batana Oil Butter-a, jedinstvene mje\u0161avine pa\u017eljivo odabranih sastojaka koji osiguravaju kompletnu njegu \u2013 od poticanja rasta kose do za\u0161tite i oporavka o\u0161te\u0107ene kose.<\/span><\/p><p><span style=\"font-weight: 400;\">Bilo da vam je potrebna njega za suhu, o\u0161te\u0107enu ili kosu niske poroznosti, Hair Angel Oil i Batana Oil pru\u017eit \u0107e vam sve \u0161to je potrebno za bujnu, zdravu i sjajnu kosu.<\/span><\/p><p><b>Koja su prirodna ulja dobra za rast kose?<\/b><\/p><p><span style=\"font-weight: 400;\">Kada govorimo o prirodnim uljima koja podr\u017eavaju rast kose, treba spomenuti nekoliko klju\u010dnih sastojaka:<\/span><\/p><ul><li style=\"font-weight: 400;\" aria-level=\"1\"><b>Biotin<\/b><span style=\"font-weight: 400;\">: Ovaj va\u017ean B-vitamin promi\u010de rast kose, pove\u0107ava debljinu i odr\u017eava prirodnu snagu kose. Tako\u0111er se mo\u017ee koristiti kao preventiva protiv gubitka kose.<\/span><\/li><li style=\"font-weight: 400;\" aria-level=\"1\"><b>Kofein<\/b><span style=\"font-weight: 400;\">: Stimulira novi rast kose i poma\u017ee folikulima da zadr\u017ee elasti\u010dnost, \u010dime se smanjuje lomljenje.<\/span><\/li><li style=\"font-weight: 400;\" aria-level=\"1\"><b>Ulje ruzmarina<\/b><span style=\"font-weight: 400;\">: Ulje ruzmarina poti\u010de rast kose i smanjuje opadanje zahvaljuju\u0107i stimulaciji cirkulacije krvi u ko\u017ei glave, dok njegovo ja\u010danje folikula doprinosi smanjenju lomljenja i o\u0161te\u0107enja kose. Osim toga, njegovi antisepti\u010dki i antiinflamatorni efekti poma\u017eu u odr\u017eavanju zdrave ko\u017ee glave i smanjenju peruti, \u010dine\u0107i kosu sjajnijom i zdravijom.<\/span><\/li><li style=\"font-weight: 400;\" aria-level=\"1\"><b>Ricinusovo ulje<\/b><span style=\"font-weight: 400;\">: Hrani i ja\u010da folikule dlake, poti\u010du\u0107i rast du\u017ee i gu\u0161\u0107e kose. Njegova dubinska hidratacija tako\u0111er hidrira kosu.<\/span><\/li><li style=\"font-weight: 400;\" aria-level=\"1\"><b>Jojoba ulje<\/b><span style=\"font-weight: 400;\">: Bogato vitaminima i mineralima, dubinski hidrira kosu, poti\u010de meko\u0107u dlake i u\u010dvr\u0161\u0107uje dlaku.<\/span><\/li><li style=\"font-weight: 400;\" aria-level=\"1\"><b>Maslinovo ulje<\/b><span style=\"font-weight: 400;\">: Bogato vitaminima A, E i antioksidansima, obnavlja i \u0161titi keratin kose, dok njegovo svojstvo zadr\u017eavanja vlage pobolj\u0161ava sjaj i glatko\u0107u.<\/span><\/li><li style=\"font-weight: 400;\" aria-level=\"1\"><b>Ulje sjemenki gro\u017e\u0111a<\/b><span style=\"font-weight: 400;\">: Oboga\u0107eno antioksidansima i omega masnim kiselinama, podr\u017eava snagu i rast kose, dok istovremeno pobolj\u0161ava prirodni sjaj.<\/span><\/li><\/ul><p><b>Kako koristiti prirodna ulja za rast kose?<\/b><\/p><p><span style=\"font-weight: 400;\">Kori\u0161tenje prirodnih ulja za rast kose jednostavno je i mo\u017ee se prilagoditi va\u0161oj rutini njege kose. Preporu\u010duje se da ulja nanosite na \u010distu i suhu ili vla\u017enu kosu. Evo nekoliko savjeta:<\/span><\/p><ol><li style=\"font-weight: 400;\" aria-level=\"1\"><b>Masa\u017ea ulja<\/b><span style=\"font-weight: 400;\">: Nanesite nekoliko kapi ulja na dlanove i umasirajte u ko\u017eu glave i du\u017e kose. Ova masa\u017ea pobolj\u0161ava cirkulaciju krvi i poma\u017ee u apsorpciji hranljivih sastojaka.<\/span><\/li><li style=\"font-weight: 400;\" aria-level=\"1\"><b>Kao tretman prije pranja<\/b><span style=\"font-weight: 400;\">: Nanesite ulje na kosu i ostavite ga da djeluje najmanje 30 minuta prije pranja. Ovaj tretman poma\u017ee u dubinskoj hidrataciji i ja\u010danju kose.<\/span><\/li><li style=\"font-weight: 400;\" aria-level=\"1\"><b>Kao svakodnevna njega<\/b><span style=\"font-weight: 400;\">: Mo\u017eete koristiti manju koli\u010dinu ulja kao serum za zavr\u0161nu obradu \u010dime \u0107ete dodati sjaj i nahraniti kosu.<\/span><\/li><\/ol><p><span style=\"font-weight: 400;\">Svaka dlaka zaslu\u017euje pa\u017enju i njegu, a prirodna ulja su savr\u0161en na\u010din da osigurate kompletnu i efikasnu njegu. Kori\u0161tenjem na\u0161ih jedinstvenih formula, va\u0161a kosa \u0107e postati ja\u010da, zdravija i sjajnija, dok \u0107e va\u0161a ko\u017ea glave biti u savr\u0161enom balansu. Ne \u010dekajte vi\u0161e, pru\u017eite svojoj kosi ono \u0161to zaslu\u017euje!<\/span><\/p>\t\t\t\t\t\t\t\t<\/div>\n\t\t\t\t<\/div>\n\t\t\t\t\t<\/div>\n\t\t<\/div>\n\t\t\t\t\t<\/div>\n\t\t<\/section>\n\t\t\t\t<section class=\"elementor-section elementor-top-section elementor-element elementor-element-b42886c elementor-hidden-desktop elementor-hidden-laptop elementor-hidden-tablet_extra elementor-hidden-tablet elementor-hidden-mobile_extra elementor-hidden-mobile elementor-section-boxed elementor-section-height-default elementor-section-height-default\" data-id=\"b42886c\" data-element_type=\"section\" data-e-type=\"section\" data-settings=\"{&quot;wdt_bg_image&quot;:{&quot;url&quot;:&quot;&quot;,&quot;id&quot;:&quot;&quot;,&quot;size&quot;:&quot;&quot;},&quot;wdt_bg_image_laptop&quot;:{&quot;url&quot;:&quot;&quot;,&quot;id&quot;:&quot;&quot;,&quot;size&quot;:&quot;&quot;},&quot;wdt_bg_image_tablet_extra&quot;:{&quot;url&quot;:&quot;&quot;,&quot;id&quot;:&quot;&quot;,&quot;size&quot;:&quot;&quot;},&quot;wdt_bg_image_tablet&quot;:{&quot;url&quot;:&quot;&quot;,&quot;id&quot;:&quot;&quot;,&quot;size&quot;:&quot;&quot;},&quot;wdt_bg_image_mobile_extra&quot;:{&quot;url&quot;:&quot;&quot;,&quot;id&quot;:&quot;&quot;,&quot;size&quot;:&quot;&quot;},&quot;wdt_bg_image_mobile&quot;:{&quot;url&quot;:&quot;&quot;,&quot;id&quot;:&quot;&quot;,&quot;size&quot;:&quot;&quot;},&quot;wdt_bg_position&quot;:&quot;center center&quot;,&quot;wdt_animation_effect&quot;:&quot;none&quot;}\">\n\t\t\t\t\t\t<div class=\"elementor-container elementor-column-gap-default\">\n\t\t\t\t\t<div class=\"elementor-column elementor-col-100 elementor-top-column elementor-element elementor-element-43a649f\" data-id=\"43a649f\" data-element_type=\"column\" data-e-type=\"column\">\n\t\t\t<div class=\"elementor-widget-wrap elementor-element-populated\">\n\t\t\t\t\t\t<div class=\"elementor-element elementor-element-20a5068 elementor-shape-rounded elementor-grid-0 e-grid-align-center elementor-widget elementor-widget-social-icons\" data-id=\"20a5068\" data-element_type=\"widget\" data-e-type=\"widget\" data-settings=\"{&quot;wdt_animation_effect&quot;:&quot;none&quot;}\" data-widget_type=\"social-icons.default\">\n\t\t\t\t<div class=\"elementor-widget-container\">\n\t\t\t\t\t\t\t<div class=\"elementor-social-icons-wrapper elementor-grid\" role=\"list\">\n\t\t\t\t\t\t\t<span class=\"elementor-grid-item\" role=\"listitem\">\n\t\t\t\t\t<a class=\"elementor-icon elementor-social-icon elementor-social-icon-facebook elementor-repeater-item-7ec40fa\" target=\"_blank\">\n\t\t\t\t\t\t<span class=\"elementor-screen-only\">Facebook<\/span>\n\t\t\t\t\t\t<i aria-hidden=\"true\" class=\"fab fa-facebook\"><\/i>\t\t\t\t\t<\/a>\n\t\t\t\t<\/span>\n\t\t\t\t\t\t\t<span class=\"elementor-grid-item\" role=\"listitem\">\n\t\t\t\t\t<a class=\"elementor-icon elementor-social-icon elementor-social-icon-twitter elementor-repeater-item-5768fc1\" target=\"_blank\">\n\t\t\t\t\t\t<span class=\"elementor-screen-only\">Twitter<\/span>\n\t\t\t\t\t\t<i aria-hidden=\"true\" class=\"fab fa-twitter\"><\/i>\t\t\t\t\t<\/a>\n\t\t\t\t<\/span>\n\t\t\t\t\t\t\t<span class=\"elementor-grid-item\" role=\"listitem\">\n\t\t\t\t\t<a class=\"elementor-icon elementor-social-icon elementor-social-icon-youtube elementor-repeater-item-ce13b1c\" target=\"_blank\">\n\t\t\t\t\t\t<span class=\"elementor-screen-only\">Youtube<\/span>\n\t\t\t\t\t\t<i aria-hidden=\"true\" class=\"fab fa-youtube\"><\/i>\t\t\t\t\t<\/a>\n\t\t\t\t<\/span>\n\t\t\t\t\t<\/div>\n\t\t\t\t\t\t<\/div>\n\t\t\t\t<\/div>\n\t\t\t\t\t<\/div>\n\t\t<\/div>\n\t\t\t\t\t<\/div>\n\t\t<\/section>\n\t\t\t\t<\/div>\n\t\t","protected":false},"excerpt":{"rendered":"<p>Quick ViewAdd to cart HAIR ANGEL ULJE ZA KOSU Rated 0 out of 5Price\u00a311.00 Quick ViewAdd to cart BATANA ULJE PUTER Rated 0 out of 5Price\u00a311.00 Quick ViewAdd to cart BATANA ULJE Rated 0 out of 5Price\u00a311.00 Prirodna ulja za kosu \u2013 tajna zdrave i lijepe kose Prirodna ulja za kosu klju\u010d su za zdravlje [&hellip;]<\/p>\n","protected":false},"author":1,"featured_media":0,"parent":0,"menu_order":0,"comment_status":"closed","ping_status":"closed","template":"elementor_header_footer","meta":{"footnotes":""},"class_list":["post-4371","page","type-page","status-publish","hentry"],"_links":{"self":[{"href":"https:\/\/prima-qualitas.com\/hr\/wp-json\/wp\/v2\/pages\/4371","targetHints":{"allow":["GET"]}}],"collection":[{"href":"https:\/\/prima-qualitas.com\/hr\/wp-json\/wp\/v2\/pages"}],"about":[{"href":"https:\/\/prima-qualitas.com\/hr\/wp-json\/wp\/v2\/types\/page"}],"author":[{"embeddable":true,"href":"https:\/\/prima-qualitas.com\/hr\/wp-json\/wp\/v2\/users\/1"}],"replies":[{"embeddable":true,"href":"https:\/\/prima-qualitas.com\/hr\/wp-json\/wp\/v2\/comments?post=4371"}],"version-history":[{"count":0,"href":"https:\/\/prima-qualitas.com\/hr\/wp-json\/wp\/v2\/pages\/4371\/revisions"}],"wp:attachment":[{"href":"https:\/\/prima-qualitas.com\/hr\/wp-json\/wp\/v2\/media?parent=4371"}],"curies":[{"name":"wp","href":"https:\/\/api.w.org\/{rel}","templated":true}]}}